{"id":1359,"date":"2024-03-17T13:07:56","date_gmt":"2024-03-17T12:07:56","guid":{"rendered":"https:\/\/symposium.zivezemedelstvi.cz\/cookies\/"},"modified":"2024-11-07T20:32:26","modified_gmt":"2024-11-07T19:32:26","slug":"cookies","status":"publish","type":"page","link":"https:\/\/symposium.zivezemedelstvi.cz\/de\/cookies\/","title":{"rendered":"Cookies"},"content":{"rendered":"<h2><span style=\"font-weight: 400;\">Wer sind wir?<\/span><\/h2>\n<p><span style=\"font-weight: 400;\">Wir sind die Organisation <strong>Demeter \u010cesko a&nbsp;Slovensko, z.s.<\/strong> (Demeter Tschechien und&nbsp;Slowakei, eingetragener Verein) mit&nbsp;der Kontaktadresse <strong>Star\u00fd Poddvorov 360, 696&nbsp;16 Star\u00fd Poddvorov, ID: 08927472<\/strong>, eingetragen beim Bezirksgericht in&nbsp;Brno, Aktenzeichen L 26619\/KSBR.<\/span><\/p>\n<p><strong>Unsere Kontaktangaben sind:<\/strong><\/p>\n<ul>\n<li><span style=\"font-weight: 400;\">E-Mail: info@demetercs.eu<\/span><\/li>\n<li><span style=\"font-weight: 400;\">Telefon: +420&nbsp;777&nbsp;992&nbsp;042<\/span><\/li>\n<\/ul>\n<p><span style=\"font-weight: 400;\">Auf der Website <a href=\"https:\/\/symposium.zivezemedelstvi.cz\/de\/2025\/\">www.zivezemedelstvi.cz<\/a> arbeiten wir mit&nbsp;Cookies.<\/span><\/p>\n<h2><span style=\"font-weight: 400;\">Was sind Cookies?<\/span><\/h2>\n<p><span style=\"font-weight: 400;\">Cookies sind Textdateien, die unsere Website an&nbsp;Ihren Webbrowser oder&nbsp;das Ger\u00e4t, mit&nbsp;dem Sie die Website aufrufen (z. B. Computer, Telefon, Tablet), sendet. Sie erm\u00f6glichen es uns, Sie zu&nbsp;erkennen und&nbsp;unsere Website entsprechend anzupassen. Sie helfen uns auch, den Verkehr auf&nbsp;unserer Website zu&nbsp;analysieren.<\/span><\/p>\n<h2><span style=\"font-weight: 400;\">Welche Arten von&nbsp;Cookies verwenden wir?<\/span><\/h2>\n<ul>\n<li><span style=\"font-weight: 400;\"><strong>Technische (funktionale)<\/strong> Cookies sind notwendig, damit unsere Website wie vorgesehen angezeigt wird und&nbsp;funktioniert.<\/span><\/li>\n<li><span style=\"font-weight: 400;\"><strong>Statistische<\/strong> Cookies helfen uns, die Leistung unserer Website im&nbsp;Hinblick auf&nbsp;das Nutzerverhalten zu&nbsp;analysieren. So k\u00f6nnen wir sie kontinuierlich verbessern.<\/span><\/li>\n<li><span style=\"font-weight: 400;\"><strong>Marketing<\/strong>-Cookies erm\u00f6glichen es uns, den Inhalt auf&nbsp;der Grundlage der von&nbsp;Ihnen zuvor besuchten Seiten anzupassen. Sie werden auch verwendet, um&nbsp;die Wirksamkeit von&nbsp;Werbekampagnen zu&nbsp;analysieren.<\/span><\/li>\n<\/ul>\n<h2><span style=\"font-weight: 400;\">Auf welcher Grundlage verarbeiten wir Cookies?<\/span><\/h2>\n<ul>\n<li><span style=\"font-weight: 400;\">Wir k\u00f6nnen <strong>technische (funktionale)<\/strong> Cookies auf&nbsp;der Grundlage rechtlicher Anforderungen verarbeiten. Ohne&nbsp;sie w\u00fcrde unsere Website f\u00fcr&nbsp;Sie nicht korrekt angezeigt werden.<\/span><\/li>\n<li><span style=\"font-weight: 400;\"><strong>Statistische und&nbsp;Marketing<\/strong>-Cookies k\u00f6nnen wir nur mit&nbsp;Ihrer Zustimmung verarbeiten. Diese ist selbstverst\u00e4ndlich freiwillig. \ud83d\ude42<\/span><\/li>\n<\/ul>\n<p><span style=\"font-weight: 400;\">Die L\u00e4nge der Speicherung von&nbsp;Cookies k\u00f6nnen Sie in&nbsp;der untenstehenden Tabelle sehen.<\/span><\/p>\n<h2><span style=\"font-weight: 400;\">Wie k\u00f6nnen Sie die Verwendung von&nbsp;Cookies verhindern?<\/span><\/h2>\n<p><span style=\"font-weight: 400;\">Sie k\u00f6nnen Ihre vorherige Zustimmung zur Verwendung von&nbsp;Cookies \u00e4ndern, indem Sie diese Optionsfelder verwenden.<\/span><\/p>\n<p><span style=\"font-weight: 400;\"><div id=\"cmplz-manage-consent-container-nojavascript\">Du hast die Cookie-Richtlinie ohne Javascript-Unterst\u00fctzung geladen.&nbsp;Unter AMP kannst du den Button zum Zustimmen der Einwilligung unten auf der Seite verwenden.<\/div><div id=\"cmplz-manage-consent-container\" name=\"cmplz-manage-consent-container\" class=\"cmplz-manage-consent-container\"><\/div><\/span><\/p>\n<p><span style=\"font-weight: 400;\">Sie k\u00f6nnen die Verwendung aller Cookies in&nbsp;Ihren Browser-Einstellungen deaktivieren. Allerdings m\u00fcssen Sie die Einstellungen auf&nbsp;jedem Ger\u00e4t (Computer, Telefon, Tablet) einzeln vornehmen.<\/span><\/p>\n<p><span style=\"font-weight: 400;\">Sie k\u00f6nnen auch im&nbsp;anonymen Modus Ihres Browsers im&nbsp;Internet surfen.<\/span><\/p>\n<h2><span style=\"font-weight: 400;\">Wer verarbeitet Cookies f\u00fcr&nbsp;uns?<\/span><\/h2>\n<ul>\n<li><span style=\"font-weight: 400;\">Der Anbieter von&nbsp;Google Analytics, ReCAPTCHA und&nbsp;Google Maps, Google Ireland Ltd. mit&nbsp;Sitz im&nbsp;Google Building Gordon House, 4 Barrow St, Dublin, D04 E5W5, Irland, in&nbsp;\u00dcbereinstimmung mit&nbsp;seinen <a href=\"https:\/\/policies.google.com\/technologies\/cookies?hl=de\">Gesch\u00e4ftsbedingungen<\/a>.<\/span><\/li>\n<\/ul>\n<h2><span style=\"font-weight: 400;\">Fazit<\/span><\/h2>\n<p><span style=\"font-weight: 400;\">Die Verarbeitung personenbezogener Daten findet innerhalb der Europ\u00e4ischen Union statt. Erfolgt die Verarbeitung au\u00dferhalb der EU, dann auf&nbsp;der Grundlage der einschl\u00e4gigen Rechtsvorschriften (von&nbsp;der Europ\u00e4ischen Union genehmigte Ausnahmen oder&nbsp;nach&nbsp;Erf\u00fcllung anderer Datensicherheitsanforderungen).<\/span><\/p>\n<h2><span style=\"font-weight: 400;\">\u00dcbersicht der Cookies<\/span><\/h2>\n<p><span style=\"font-weight: 400;\"><div id=\"cmplz-cookies-overview\"><details class=\"cmplz-dropdown cmplz-service-desc cmplz-dropdown-cookiepolicy \">\n\t<summary class=\"cmplz-service-header\"><div>\n\t\t<h3>WordPress<\/h3>\n\t\t<p>Funktional<\/p>\n\t\t<label for=\"cmplz_service_wordpress\" class=\"cmplz_consent_per_service_label\"><span class=\"screen-reader-text\">Consent to service wordpress<\/span><\/label>\n\t\t<input type=\"checkbox\" id=\"cmplz_service_wordpress\" class=\"cmplz-accept-service cmplz-hidden\" data-service=\"wordpress\" data-category=\"functional\"><\/div>\n\t<\/summary>\n\t<div class=\"cmplz-service-description\">\n\t\t<h4>Verwendung<\/h4>\n\t\t<p>Wir verwenden WordPress f\u00fcr Website-Entwicklung. <a target=\"_blank\" rel=\"noopener noreferrer nofollow\" href=\"https:\/\/cookiedatabase.org\/service\/wordpress\/\" aria-label=\"Weitere Informationen zum Dienst WordPress findest du in der Cookie-Datenbank.\">Weitere Informationen zu WordPress<\/a><\/p>\n\t<\/div>\n\t<div class=\"cmplz-sharing-data\">\n\t\t<h4>Weitergabe von Daten<\/h4>\n\t\t<p>Diese Daten werden nicht an Dritte weitergegeben.<\/p>\n\t<\/div>\n\t<div class=\"cookies-per-purpose\">\n    <div class=\"purpose\"><h4>Funktional<\/h4><\/div>\n    <div class=\"name-header\">\n\t<h5>Name<\/h5>\n<\/div>\n<div class=\"name\"><a target=\"_blank\" rel=\"noopener noreferrer nofollow\" href=\"https:\/\/cookiedatabase.org\/cookie\/wordpress\/wpemojisettingssupports\/\">wpEmojiSettingsSupports<\/a><\/div>\n<div class=\"retention-header\">\n\t<h5>Ablaufdatum<\/h5>\n<\/div>\n<div class=\"retention\">Sitzung<\/div>\n<div class=\"function-header\">\n\t<h5>Funktion<\/h5>\n<\/div>\n<div class=\"function\">Speichere Browser-Angaben<\/div>\n<div class=\"name-header\">\n\t<h5>Name<\/h5>\n<\/div>\n<div class=\"name\"><a target=\"_blank\" rel=\"noopener noreferrer nofollow\" href=\"https:\/\/cookiedatabase.org\/cookie\/wordpress\/wordpress_test_cookie\/\">wordpress_test_cookie<\/a><\/div>\n<div class=\"retention-header\">\n\t<h5>Ablaufdatum<\/h5>\n<\/div>\n<div class=\"retention\">Sitzung<\/div>\n<div class=\"function-header\">\n\t<h5>Funktion<\/h5>\n<\/div>\n<div class=\"function\">\u00fcberpr\u00fcft, ob Cookies gesetzt werden k\u00f6nnen<\/div>\n<div class=\"name-header\">\n\t<h5>Name<\/h5>\n<\/div>\n<div class=\"name\"><a target=\"_blank\" rel=\"noopener noreferrer nofollow\" href=\"https:\/\/cookiedatabase.org\/cookie\/wordpress\/wp-settings\/\">wp-settings-*<\/a><\/div>\n<div class=\"retention-header\">\n\t<h5>Ablaufdatum<\/h5>\n<\/div>\n<div class=\"retention\">best\u00e4ndig<\/div>\n<div class=\"function-header\">\n\t<h5>Funktion<\/h5>\n<\/div>\n<div class=\"function\">Speicher die Benutzervorlieben<\/div>\n<div class=\"name-header\">\n\t<h5>Name<\/h5>\n<\/div>\n<div class=\"name\"><a target=\"_blank\" rel=\"noopener noreferrer nofollow\" href=\"https:\/\/cookiedatabase.org\/cookie\/wordpress\/wp-settings-time\/\">wp-settings-time-*<\/a><\/div>\n<div class=\"retention-header\">\n\t<h5>Ablaufdatum<\/h5>\n<\/div>\n<div class=\"retention\">1 Jahr<\/div>\n<div class=\"function-header\">\n\t<h5>Funktion<\/h5>\n<\/div>\n<div class=\"function\">Speicher die Benutzervorlieben<\/div>\n<div class=\"name-header\">\n\t<h5>Name<\/h5>\n<\/div>\n<div class=\"name\"><a target=\"_blank\" rel=\"noopener noreferrer nofollow\" href=\"https:\/\/cookiedatabase.org\/cookie\/wordpress\/wordpress_logged_in_\/\">wordpress_logged_in_*<\/a><\/div>\n<div class=\"retention-header\">\n\t<h5>Ablaufdatum<\/h5>\n<\/div>\n<div class=\"retention\">best\u00e4ndig<\/div>\n<div class=\"function-header\">\n\t<h5>Funktion<\/h5>\n<\/div>\n<div class=\"function\">Benutzer eingeloggt lassen<\/div>\n\n<\/div>\n<\/details>\n<details class=\"cmplz-dropdown cmplz-service-desc cmplz-dropdown-cookiepolicy \">\n\t<summary class=\"cmplz-service-header\"><div>\n\t\t<h3>WPML<\/h3>\n\t\t<p>Funktional<\/p>\n\t\t<label for=\"cmplz_service_wpml\" class=\"cmplz_consent_per_service_label\"><span class=\"screen-reader-text\">Consent to service wpml<\/span><\/label>\n\t\t<input type=\"checkbox\" id=\"cmplz_service_wpml\" class=\"cmplz-accept-service cmplz-hidden\" data-service=\"wpml\" data-category=\"functional\"><\/div>\n\t<\/summary>\n\t<div class=\"cmplz-service-description\">\n\t\t<h4>Verwendung<\/h4>\n\t\t<p>Wir verwenden WPML f\u00fcr Verwaltung der Gebietsschemen. <a target=\"_blank\" rel=\"noopener noreferrer nofollow\" href=\"https:\/\/cookiedatabase.org\/service\/wpml\/\" aria-label=\"Weitere Informationen zum Dienst WPML findest du in der Cookie-Datenbank.\">Weitere Informationen zu WPML<\/a><\/p>\n\t<\/div>\n\t<div class=\"cmplz-sharing-data\">\n\t\t<h4>Weitergabe von Daten<\/h4>\n\t\t<p>Diese Daten werden nicht an Dritte weitergegeben.<\/p>\n\t<\/div>\n\t<div class=\"cookies-per-purpose\">\n    <div class=\"purpose\"><h4>Funktional<\/h4><\/div>\n    <div class=\"name-header\">\n\t<h5>Name<\/h5>\n<\/div>\n<div class=\"name\"><a target=\"_blank\" rel=\"noopener noreferrer nofollow\" href=\"https:\/\/cookiedatabase.org\/cookie\/wpml\/wp-wpml_current_language\/\">wp-wpml_current_language<\/a><\/div>\n<div class=\"retention-header\">\n\t<h5>Ablaufdatum<\/h5>\n<\/div>\n<div class=\"retention\">1 Tag<\/div>\n<div class=\"function-header\">\n\t<h5>Funktion<\/h5>\n<\/div>\n<div class=\"function\">Speichere Spracheinstellungen<\/div>\n\n<\/div>\n<\/details>\n<details class=\"cmplz-dropdown cmplz-service-desc cmplz-dropdown-cookiepolicy \">\n\t<summary class=\"cmplz-service-header\"><div>\n\t\t<h3>Google reCAPTCHA<\/h3>\n\t\t<p>Marketing<\/p>\n\t\t<label for=\"cmplz_service_google-recaptcha\" class=\"cmplz_consent_per_service_label\"><span class=\"screen-reader-text\">Consent to service google-recaptcha<\/span><\/label>\n\t\t<input type=\"checkbox\" id=\"cmplz_service_google-recaptcha\" class=\"cmplz-accept-service cmplz-hidden\" data-service=\"google-recaptcha\" data-category=\"functional\"><\/div>\n\t<\/summary>\n\t<div class=\"cmplz-service-description\">\n\t\t<h4>Verwendung<\/h4>\n\t\t<p>Wir verwenden Google reCAPTCHA f\u00fcr Spam-Vorbeugung. <a target=\"_blank\" rel=\"noopener noreferrer nofollow\" href=\"https:\/\/cookiedatabase.org\/service\/google-recaptcha\/\" aria-label=\"Weitere Informationen zum Dienst Google reCAPTCHA findest du in der Cookie-Datenbank.\">Weitere Informationen zu Google reCAPTCHA<\/a><\/p>\n\t<\/div>\n\t<div class=\"cmplz-sharing-data\">\n\t\t<h4>Weitergabe von Daten<\/h4>\n\t\t<p>F\u00fcr weitere Informationen, bitte die <a target=\"_blank\" rel=\"noopener noreferrer nofollow\" href=\"https:\/\/policies.google.com\/privacy\">Google reCAPTCHA Datenschutzerkl\u00e4rung<\/a> lesen.<\/p>\n\t<\/div>\n\t<div class=\"cookies-per-purpose\">\n    <div class=\"purpose\"><h4>Marketing<\/h4><\/div>\n    <div class=\"name-header\">\n\t<h5>Name<\/h5>\n<\/div>\n<div class=\"name\"><a target=\"_blank\" rel=\"noopener noreferrer nofollow\" href=\"https:\/\/cookiedatabase.org\/cookie\/google-recaptcha\/rcc\/\">rc::c<\/a><\/div>\n<div class=\"retention-header\">\n\t<h5>Ablaufdatum<\/h5>\n<\/div>\n<div class=\"retention\">Sitzung<\/div>\n<div class=\"function-header\">\n\t<h5>Funktion<\/h5>\n<\/div>\n<div class=\"function\">Anfragen von Bots lesen und filtern<\/div>\n<div class=\"name-header\">\n\t<h5>Name<\/h5>\n<\/div>\n<div class=\"name\"><a target=\"_blank\" rel=\"noopener noreferrer nofollow\" href=\"https:\/\/cookiedatabase.org\/cookie\/google-recaptcha\/rcb\/\">rc::b<\/a><\/div>\n<div class=\"retention-header\">\n\t<h5>Ablaufdatum<\/h5>\n<\/div>\n<div class=\"retention\">Sitzung<\/div>\n<div class=\"function-header\">\n\t<h5>Funktion<\/h5>\n<\/div>\n<div class=\"function\">Anfragen von Bots lesen und filtern<\/div>\n<div class=\"name-header\">\n\t<h5>Name<\/h5>\n<\/div>\n<div class=\"name\"><a target=\"_blank\" rel=\"noopener noreferrer nofollow\" href=\"https:\/\/cookiedatabase.org\/cookie\/google-recaptcha\/rca\/\">rc::a<\/a><\/div>\n<div class=\"retention-header\">\n\t<h5>Ablaufdatum<\/h5>\n<\/div>\n<div class=\"retention\">best\u00e4ndig<\/div>\n<div class=\"function-header\">\n\t<h5>Funktion<\/h5>\n<\/div>\n<div class=\"function\">Anfragen von Bots lesen und filtern<\/div>\n\n<\/div>\n<\/details>\n<details class=\"cmplz-dropdown cmplz-service-desc cmplz-dropdown-cookiepolicy \">\n\t<summary class=\"cmplz-service-header\"><div>\n\t\t<h3>Google Maps<\/h3>\n\t\t<p>Marketing<\/p>\n\t\t<label for=\"cmplz_service_google-maps\" class=\"cmplz_consent_per_service_label\"><span class=\"screen-reader-text\">Consent to service google-maps<\/span><\/label>\n\t\t<input type=\"checkbox\" id=\"cmplz_service_google-maps\" class=\"cmplz-accept-service cmplz-hidden\" data-service=\"google-maps\" data-category=\"functional\"><\/div>\n\t<\/summary>\n\t<div class=\"cmplz-service-description\">\n\t\t<h4>Verwendung<\/h4>\n\t\t<p>Wir verwenden Google Maps f\u00fcr Kartenanzeige. <a target=\"_blank\" rel=\"noopener noreferrer nofollow\" href=\"https:\/\/cookiedatabase.org\/service\/google-maps\/\" aria-label=\"Weitere Informationen zum Dienst Google Maps findest du in der Cookie-Datenbank.\">Weitere Informationen zu Google Maps<\/a><\/p>\n\t<\/div>\n\t<div class=\"cmplz-sharing-data\">\n\t\t<h4>Weitergabe von Daten<\/h4>\n\t\t<p>F\u00fcr weitere Informationen, bitte die <a target=\"_blank\" rel=\"noopener noreferrer nofollow\" href=\"https:\/\/business.safety.google\/privacy\/\">Google Maps Datenschutzerkl\u00e4rung<\/a> lesen.<\/p>\n\t<\/div>\n\t<div class=\"cookies-per-purpose\">\n    <div class=\"purpose\"><h4>Marketing<\/h4><\/div>\n    <div class=\"name-header\">\n\t<h5>Name<\/h5>\n<\/div>\n<div class=\"name\"><a target=\"_blank\" rel=\"noopener noreferrer nofollow\" href=\"https:\/\/cookiedatabase.org\/cookie\/google-maps\/google-maps-api\/\">Google Maps API<\/a><\/div>\n<div class=\"retention-header\">\n\t<h5>Ablaufdatum<\/h5>\n<\/div>\n<div class=\"retention\">keins<\/div>\n<div class=\"function-header\">\n\t<h5>Funktion<\/h5>\n<\/div>\n<div class=\"function\">Fordere die Benutzer-IP-Adresse an<\/div>\n\n<\/div>\n<\/details>\n<details class=\"cmplz-dropdown cmplz-service-desc cmplz-dropdown-cookiepolicy \">\n\t<summary class=\"cmplz-service-header\"><div>\n\t\t<h3>YouTube<\/h3>\n\t\t<p>Marketing<\/p>\n\t\t<label for=\"cmplz_service_youtube\" class=\"cmplz_consent_per_service_label\"><span class=\"screen-reader-text\">Consent to service youtube<\/span><\/label>\n\t\t<input type=\"checkbox\" id=\"cmplz_service_youtube\" class=\"cmplz-accept-service cmplz-hidden\" data-service=\"youtube\" data-category=\"functional\"><\/div>\n\t<\/summary>\n\t<div class=\"cmplz-service-description\">\n\t\t<h4>Verwendung<\/h4>\n\t\t<p>Wir verwenden YouTube f\u00fcr Video-Display. <a target=\"_blank\" rel=\"noopener noreferrer nofollow\" href=\"https:\/\/cookiedatabase.org\/service\/youtube\/\" aria-label=\"Weitere Informationen zum Dienst YouTube findest du in der Cookie-Datenbank.\">Weitere Informationen zu YouTube<\/a><\/p>\n\t<\/div>\n\t<div class=\"cmplz-sharing-data\">\n\t\t<h4>Weitergabe von Daten<\/h4>\n\t\t<p>F\u00fcr weitere Informationen, bitte die <a target=\"_blank\" rel=\"noopener noreferrer nofollow\" href=\"https:\/\/policies.google.com\/privacy\">YouTube Datenschutzerkl\u00e4rung<\/a> lesen.<\/p>\n\t<\/div>\n\t<div class=\"cookies-per-purpose\">\n    <div class=\"purpose\"><h4>Marketing<\/h4><\/div>\n    <div class=\"name-header\">\n\t<h5>Name<\/h5>\n<\/div>\n<div class=\"name\"><a target=\"_blank\" rel=\"noopener noreferrer nofollow\" href=\"https:\/\/cookiedatabase.org\/cookie\/youtube\/gps\/\">GPS<\/a><\/div>\n<div class=\"retention-header\">\n\t<h5>Ablaufdatum<\/h5>\n<\/div>\n<div class=\"retention\">Sitzung<\/div>\n<div class=\"function-header\">\n\t<h5>Funktion<\/h5>\n<\/div>\n<div class=\"function\">Speichere Standortdaten<\/div>\n<div class=\"name-header\">\n\t<h5>Name<\/h5>\n<\/div>\n<div class=\"name\"><a target=\"_blank\" rel=\"noopener noreferrer nofollow\" href=\"https:\/\/cookiedatabase.org\/cookie\/youtube\/visitor_info1_live\/\">VISITOR_INFO1_LIVE<\/a><\/div>\n<div class=\"retention-header\">\n\t<h5>Ablaufdatum<\/h5>\n<\/div>\n<div class=\"retention\">6 Monate<\/div>\n<div class=\"function-header\">\n\t<h5>Funktion<\/h5>\n<\/div>\n<div class=\"function\">Anzeigenschaltung oder Retargeting anbieten<\/div>\n<div class=\"name-header\">\n\t<h5>Name<\/h5>\n<\/div>\n<div class=\"name\"><a target=\"_blank\" rel=\"noopener noreferrer nofollow\" href=\"https:\/\/cookiedatabase.org\/cookie\/youtube\/ysc\/\">YSC<\/a><\/div>\n<div class=\"retention-header\">\n\t<h5>Ablaufdatum<\/h5>\n<\/div>\n<div class=\"retention\">Sitzung<\/div>\n<div class=\"function-header\">\n\t<h5>Funktion<\/h5>\n<\/div>\n<div class=\"function\">Interaktion speichern und verfolgen<\/div>\n<div class=\"name-header\">\n\t<h5>Name<\/h5>\n<\/div>\n<div class=\"name\"><a target=\"_blank\" rel=\"noopener noreferrer nofollow\" href=\"https:\/\/cookiedatabase.org\/cookie\/youtube\/pref\/\">PREF<\/a><\/div>\n<div class=\"retention-header\">\n\t<h5>Ablaufdatum<\/h5>\n<\/div>\n<div class=\"retention\">8 Monate<\/div>\n<div class=\"function-header\">\n\t<h5>Funktion<\/h5>\n<\/div>\n<div class=\"function\">Speicher die Benutzervorlieben<\/div>\n\n<\/div>\n<\/details>\n<details class=\"cmplz-dropdown cmplz-service-desc cmplz-dropdown-cookiepolicy \">\n\t<summary class=\"cmplz-service-header\"><div>\n\t\t<h3>Sonstiges<\/h3>\n\t\t<p>Gegenstand der Untersuchung<\/p>\n\t\t<label for=\"cmplz_service_sonstiges\" class=\"cmplz_consent_per_service_label\"><span class=\"screen-reader-text\">Consent to service sonstiges<\/span><\/label>\n\t\t<input type=\"checkbox\" id=\"cmplz_service_sonstiges\" class=\"cmplz-accept-service cmplz-hidden\" data-service=\"sonstiges\" data-category=\"functional\"><\/div>\n\t<\/summary>\n\t<div class=\"cmplz-service-description\">\n\t\t<h4>Verwendung<\/h4>\n\t\t<p><\/p>\n\t<\/div>\n\t<div class=\"cmplz-sharing-data\">\n\t\t<h4>Weitergabe von Daten<\/h4>\n\t\t<p>Die Weitergabe von Daten wird noch untersucht<\/p>\n\t<\/div>\n\t<div class=\"cookies-per-purpose\">\n    <div class=\"purpose\"><h4>Gegenstand der Untersuchung<\/h4><\/div>\n    <div class=\"name-header\">\n\t<h5>Name<\/h5>\n<\/div>\n<div class=\"name\">fslightbox-types<\/div>\n<div class=\"retention-header\">\n\t<h5>Ablaufdatum<\/h5>\n<\/div>\n<div class=\"retention\"><\/div>\n<div class=\"function-header\">\n\t<h5>Funktion<\/h5>\n<\/div>\n<div class=\"function\"><\/div>\n<div class=\"name-header\">\n\t<h5>Name<\/h5>\n<\/div>\n<div class=\"name\">fslightbox-scrollbar-width<\/div>\n<div class=\"retention-header\">\n\t<h5>Ablaufdatum<\/h5>\n<\/div>\n<div class=\"retention\"><\/div>\n<div class=\"function-header\">\n\t<h5>Funktion<\/h5>\n<\/div>\n<div class=\"function\"><\/div>\n<div class=\"name-header\">\n\t<h5>Name<\/h5>\n<\/div>\n<div class=\"name\">loglevel<\/div>\n<div class=\"retention-header\">\n\t<h5>Ablaufdatum<\/h5>\n<\/div>\n<div class=\"retention\"><\/div>\n<div class=\"function-header\">\n\t<h5>Funktion<\/h5>\n<\/div>\n<div class=\"function\"><\/div>\n<div class=\"name-header\">\n\t<h5>Name<\/h5>\n<\/div>\n<div class=\"name\">web-vitals-extension-metrics<\/div>\n<div class=\"retention-header\">\n\t<h5>Ablaufdatum<\/h5>\n<\/div>\n<div class=\"retention\"><\/div>\n<div class=\"function-header\">\n\t<h5>Funktion<\/h5>\n<\/div>\n<div class=\"function\"><\/div>\n<div class=\"name-header\">\n\t<h5>Name<\/h5>\n<\/div>\n<div class=\"name\"><a target=\"_blank\" rel=\"noopener noreferrer nofollow\" href=\"https:\/\/cookiedatabase.org\/cookie\/unknown-service\/ws_form__date_start\/\">ws_form_*_date_start<\/a><\/div>\n<div class=\"retention-header\">\n\t<h5>Ablaufdatum<\/h5>\n<\/div>\n<div class=\"retention\"><\/div>\n<div class=\"function-header\">\n\t<h5>Funktion<\/h5>\n<\/div>\n<div class=\"function\"><\/div>\n<div class=\"name-header\">\n\t<h5>Name<\/h5>\n<\/div>\n<div class=\"name\">cmplz_functional<\/div>\n<div class=\"retention-header\">\n\t<h5>Ablaufdatum<\/h5>\n<\/div>\n<div class=\"retention\">365 Tage<\/div>\n<div class=\"function-header\">\n\t<h5>Funktion<\/h5>\n<\/div>\n<div class=\"function\"><\/div>\n<div class=\"name-header\">\n\t<h5>Name<\/h5>\n<\/div>\n<div class=\"name\">cmplz_preferences<\/div>\n<div class=\"retention-header\">\n\t<h5>Ablaufdatum<\/h5>\n<\/div>\n<div class=\"retention\">365 Tage<\/div>\n<div class=\"function-header\">\n\t<h5>Funktion<\/h5>\n<\/div>\n<div class=\"function\"><\/div>\n<div class=\"name-header\">\n\t<h5>Name<\/h5>\n<\/div>\n<div class=\"name\">cmplz_marketing<\/div>\n<div class=\"retention-header\">\n\t<h5>Ablaufdatum<\/h5>\n<\/div>\n<div class=\"retention\">365 Tage<\/div>\n<div class=\"function-header\">\n\t<h5>Funktion<\/h5>\n<\/div>\n<div class=\"function\"><\/div>\n<div class=\"name-header\">\n\t<h5>Name<\/h5>\n<\/div>\n<div class=\"name\">cmplz_consented_services<\/div>\n<div class=\"retention-header\">\n\t<h5>Ablaufdatum<\/h5>\n<\/div>\n<div class=\"retention\">365 Tage<\/div>\n<div class=\"function-header\">\n\t<h5>Funktion<\/h5>\n<\/div>\n<div class=\"function\"><\/div>\n<div class=\"name-header\">\n\t<h5>Name<\/h5>\n<\/div>\n<div class=\"name\">cmplz_banner-status<\/div>\n<div class=\"retention-header\">\n\t<h5>Ablaufdatum<\/h5>\n<\/div>\n<div class=\"retention\">365 Tage<\/div>\n<div class=\"function-header\">\n\t<h5>Funktion<\/h5>\n<\/div>\n<div class=\"function\"><\/div>\n<div class=\"name-header\">\n\t<h5>Name<\/h5>\n<\/div>\n<div class=\"name\">_grecaptcha<\/div>\n<div class=\"retention-header\">\n\t<h5>Ablaufdatum<\/h5>\n<\/div>\n<div class=\"retention\"><\/div>\n<div class=\"function-header\">\n\t<h5>Funktion<\/h5>\n<\/div>\n<div class=\"function\"><\/div>\n<div class=\"name-header\">\n\t<h5>Name<\/h5>\n<\/div>\n<div class=\"name\">cmplz_policy_id<\/div>\n<div class=\"retention-header\">\n\t<h5>Ablaufdatum<\/h5>\n<\/div>\n<div class=\"retention\">365 Tage<\/div>\n<div class=\"function-header\">\n\t<h5>Funktion<\/h5>\n<\/div>\n<div class=\"function\"><\/div>\n<div class=\"name-header\">\n\t<h5>Name<\/h5>\n<\/div>\n<div class=\"name\">cmplz_statistics<\/div>\n<div class=\"retention-header\">\n\t<h5>Ablaufdatum<\/h5>\n<\/div>\n<div class=\"retention\">365 Tage<\/div>\n<div class=\"function-header\">\n\t<h5>Funktion<\/h5>\n<\/div>\n<div class=\"function\"><\/div>\n<div class=\"name-header\">\n\t<h5>Name<\/h5>\n<\/div>\n<div class=\"name\">hsoffset_sympozia_66e98064698d9<\/div>\n<div class=\"retention-header\">\n\t<h5>Ablaufdatum<\/h5>\n<\/div>\n<div class=\"retention\"><\/div>\n<div class=\"function-header\">\n\t<h5>Funktion<\/h5>\n<\/div>\n<div class=\"function\"><\/div>\n<div class=\"name-header\">\n\t<h5>Name<\/h5>\n<\/div>\n<div class=\"name\">hsoffset_page_65f6dffe99943<\/div>\n<div class=\"retention-header\">\n\t<h5>Ablaufdatum<\/h5>\n<\/div>\n<div class=\"retention\"><\/div>\n<div class=\"function-header\">\n\t<h5>Funktion<\/h5>\n<\/div>\n<div class=\"function\"><\/div>\n<div class=\"name-header\">\n\t<h5>Name<\/h5>\n<\/div>\n<div class=\"name\">ate-maiya-info_0ec4f85e-0bad-4e6e-8aa7-10fc48e174d3<\/div>\n<div class=\"retention-header\">\n\t<h5>Ablaufdatum<\/h5>\n<\/div>\n<div class=\"retention\"><\/div>\n<div class=\"function-header\">\n\t<h5>Funktion<\/h5>\n<\/div>\n<div class=\"function\"><\/div>\n<div class=\"name-header\">\n\t<h5>Name<\/h5>\n<\/div>\n<div class=\"name\">ate-maiya-info<\/div>\n<div class=\"retention-header\">\n\t<h5>Ablaufdatum<\/h5>\n<\/div>\n<div class=\"retention\"><\/div>\n<div class=\"function-header\">\n\t<h5>Funktion<\/h5>\n<\/div>\n<div class=\"function\"><\/div>\n\n<\/div>\n<\/details>\n<\/div><\/span><\/p>\n<h2 id=\"m_6003873350232664237gmail-uvod\"><\/h2>\n","protected":false},"excerpt":{"rendered":"<p>Wer sind wir? Wir sind die Organisation Demeter \u010cesko a&nbsp;Slovensko, z.s. (Demeter Tschechien und&nbsp;Slowakei, eingetragener Verein) mit&nbsp;der Kontaktadresse Star\u00fd Poddvorov 360, 696&nbsp;16 Star\u00fd Poddvorov, ID: 08927472, eingetragen beim Bezirksgericht in&nbsp;Brno, Aktenzeichen L 26619\/KSBR. Unsere Kontaktangaben sind: E-Mail: info@demetercs.eu Telefon: +420&nbsp;777&nbsp;992&nbsp;042 Auf&nbsp;der Website www.zivezemedelstvi.cz arbeiten wir mit&nbsp;Cookies. Was sind Cookies? Cookies sind Textdateien, die unsere [&hellip;]<\/p>\n","protected":false},"author":1,"featured_media":0,"parent":0,"menu_order":9,"comment_status":"closed","ping_status":"closed","template":"","meta":{"_acf_changed":false,"inline_featured_image":false,"footnotes":""},"class_list":["post-1359","page","type-page","status-publish","hentry"],"acf":[],"_links":{"self":[{"href":"https:\/\/symposium.zivezemedelstvi.cz\/de\/wp-json\/wp\/v2\/pages\/1359","targetHints":{"allow":["GET"]}}],"collection":[{"href":"https:\/\/symposium.zivezemedelstvi.cz\/de\/wp-json\/wp\/v2\/pages"}],"about":[{"href":"https:\/\/symposium.zivezemedelstvi.cz\/de\/wp-json\/wp\/v2\/types\/page"}],"author":[{"embeddable":true,"href":"https:\/\/symposium.zivezemedelstvi.cz\/de\/wp-json\/wp\/v2\/users\/1"}],"replies":[{"embeddable":true,"href":"https:\/\/symposium.zivezemedelstvi.cz\/de\/wp-json\/wp\/v2\/comments?post=1359"}],"version-history":[{"count":5,"href":"https:\/\/symposium.zivezemedelstvi.cz\/de\/wp-json\/wp\/v2\/pages\/1359\/revisions"}],"predecessor-version":[{"id":1404,"href":"https:\/\/symposium.zivezemedelstvi.cz\/de\/wp-json\/wp\/v2\/pages\/1359\/revisions\/1404"}],"wp:attachment":[{"href":"https:\/\/symposium.zivezemedelstvi.cz\/de\/wp-json\/wp\/v2\/media?parent=1359"}],"curies":[{"name":"wp","href":"https:\/\/api.w.org\/{rel}","templated":true}]}}