{"id":1357,"date":"2024-03-17T13:07:31","date_gmt":"2024-03-17T12:07:31","guid":{"rendered":"https:\/\/symposium.zivezemedelstvi.cz\/ochrana-osobnich-udaju\/"},"modified":"2024-11-07T20:08:00","modified_gmt":"2024-11-07T19:08:00","slug":"ochrana-osobnich-udaju","status":"publish","type":"page","link":"https:\/\/symposium.zivezemedelstvi.cz\/de\/schutz-der-personlichen-daten\/","title":{"rendered":"Schutz der pers\u00f6nlichen Daten"},"content":{"rendered":"<p><span style=\"font-weight: 400;\">Die Organisation <strong>Demeter \u010cesko a&nbsp;Slovensko, z.s.<\/strong> (Demeter Tschechien und&nbsp;Slowakei, eingetragener Verein), mit&nbsp;Sitz in&nbsp;<strong>Star\u00fd Poddvorov 360, 696&nbsp;16 Star\u00fd Poddvorov, eingetragen beim Kreisgericht in&nbsp;Br\u00fcnn, Aktenzeichen L 26619\/KSBR<\/strong>, verarbeitet im&nbsp;Falle einer Antwort auf&nbsp;eine \u00fcber&nbsp;das Kontaktformular per E-Mail \u00fcbermittelte Anfrage im&nbsp;Sinne der Verordnung (EU) Nr. 2016\/679 zum Schutz nat\u00fcrlicher Personen bei&nbsp;der Verarbeitung personenbezogener Daten und&nbsp;zum freien Datenverkehr und&nbsp;zur Aufhebung der Richtlinie 95\/46\/EG (Datenschutz-Grundverordnung) (fr\u00fcher auch als \u201eVerordnung\u201c bezeichnet), die folgenden personenbezogenen Daten:<\/span><\/p>\n<ul>\n<li><span style=\"font-weight: 400;\">Vor- und&nbsp;Nachname,<\/span><\/li>\n<li><span style=\"font-weight: 400;\">Telefonnummer,<\/span><\/li>\n<li><span style=\"font-weight: 400;\">und E-Mail-Adresse.<\/span><\/li>\n<\/ul>\n<ol start=\"2\">\n<li><span style=\"font-weight: 400;\"> Name, Vorname, Telefonnummer und&nbsp;E-Mail-Adresse m\u00fcssen verarbeitet werden, um&nbsp;eine Anfrage \u00fcber&nbsp;das Kontaktformular beantworten zu&nbsp;k\u00f6nnen. Diese personenbezogenen Daten werden von&nbsp;<strong>Demeter \u010cesko a&nbsp;Slovensko, z.s<\/strong>. bis&nbsp;auf&nbsp;Widerruf verarbeitet.<\/span><\/li>\n<li><span style=\"font-weight: 400;\"> Die Verarbeitung personenbezogener Daten erfolgt durch&nbsp;<strong>Demeter \u010cesko a&nbsp;Slovensko, z.s.<\/strong>, d.h. den f\u00fcr&nbsp;die Verarbeitung Verantwortlichen, jedoch k\u00f6nnen personenbezogene Daten f\u00fcr&nbsp;dieses Unternehmen auch von&nbsp;den folgenden Auftragsverarbeitern verarbeitet werden:<\/span><\/li>\n<\/ol>\n<ul>\n<li><strong>Ecomail.cz, s&nbsp;r. o.<\/strong><\/li>\n<\/ul>\n<ol start=\"4\">\n<li><span style=\"font-weight: 400;\"> Bitte beachten Sie, dass Sie gem\u00e4\u00df dem Datenschutzgesetz das Recht haben:<\/span><\/li>\n<\/ol>\n<ul>\n<li><span style=\"font-weight: 400;\">von uns Auskunft dar\u00fcber zu&nbsp;verlangen, welche personenbezogenen Daten wir \u00fcber&nbsp;Sie verarbeiten,<\/span><\/li>\n<li><span style=\"font-weight: 400;\">von uns eine Erkl\u00e4rung \u00fcber&nbsp;die Verarbeitung Ihrer personenbezogenen Daten zu&nbsp;verlangen,<\/span><\/li>\n<li><span style=\"font-weight: 400;\">Zugang zu&nbsp;Ihren Daten zu&nbsp;verlangen und&nbsp;sie zu&nbsp;aktualisieren oder&nbsp;zu&nbsp;korrigieren,<\/span><\/li>\n<li><span style=\"font-weight: 400;\">von uns die L\u00f6schung Ihrer personenbezogenen Daten zu&nbsp;verlangen &#8211; diese L\u00f6schung hat jedoch die Beendigung der Vertragsverhandlungen zur Folge,<\/span><\/li>\n<li><span style=\"font-weight: 400;\">uns oder&nbsp;die Datenschutzbeh\u00f6rde zu&nbsp;kontaktieren, wenn Sie Zweifel an&nbsp;der Einhaltung Ihrer Pflichten bei&nbsp;der Verarbeitung personenbezogener Daten haben.<\/span><\/li>\n<\/ul>\n","protected":false},"excerpt":{"rendered":"<p>Die Organisation Demeter \u010cesko a&nbsp;Slovensko, z.s. (Demeter Tschechien und&nbsp;Slowakei, eingetragener Verein), mit&nbsp;Sitz in&nbsp;Star\u00fd Poddvorov 360, 696&nbsp;16 Star\u00fd Poddvorov, eingetragen beim Kreisgericht in&nbsp;Br\u00fcnn, Aktenzeichen L 26619\/KSBR, verarbeitet im&nbsp;Falle einer Antwort auf&nbsp;eine \u00fcber&nbsp;das Kontaktformular per E-Mail \u00fcbermittelte Anfrage im&nbsp;Sinne der Verordnung (EU) Nr. 2016\/679 zum Schutz nat\u00fcrlicher Personen bei&nbsp;der Verarbeitung personenbezogener Daten und&nbsp;zum freien Datenverkehr und&nbsp;zur Aufhebung [&hellip;]<\/p>\n","protected":false},"author":1,"featured_media":0,"parent":0,"menu_order":7,"comment_status":"closed","ping_status":"closed","template":"","meta":{"_acf_changed":false,"inline_featured_image":false,"footnotes":""},"class_list":["post-1357","page","type-page","status-publish","hentry"],"acf":[],"_links":{"self":[{"href":"https:\/\/symposium.zivezemedelstvi.cz\/de\/wp-json\/wp\/v2\/pages\/1357","targetHints":{"allow":["GET"]}}],"collection":[{"href":"https:\/\/symposium.zivezemedelstvi.cz\/de\/wp-json\/wp\/v2\/pages"}],"about":[{"href":"https:\/\/symposium.zivezemedelstvi.cz\/de\/wp-json\/wp\/v2\/types\/page"}],"author":[{"embeddable":true,"href":"https:\/\/symposium.zivezemedelstvi.cz\/de\/wp-json\/wp\/v2\/users\/1"}],"replies":[{"embeddable":true,"href":"https:\/\/symposium.zivezemedelstvi.cz\/de\/wp-json\/wp\/v2\/comments?post=1357"}],"version-history":[{"count":3,"href":"https:\/\/symposium.zivezemedelstvi.cz\/de\/wp-json\/wp\/v2\/pages\/1357\/revisions"}],"predecessor-version":[{"id":1399,"href":"https:\/\/symposium.zivezemedelstvi.cz\/de\/wp-json\/wp\/v2\/pages\/1357\/revisions\/1399"}],"wp:attachment":[{"href":"https:\/\/symposium.zivezemedelstvi.cz\/de\/wp-json\/wp\/v2\/media?parent=1357"}],"curies":[{"name":"wp","href":"https:\/\/api.w.org\/{rel}","templated":true}]}}