{"id":1355,"date":"2024-04-16T09:58:20","date_gmt":"2024-04-16T07:58:20","guid":{"rendered":"https:\/\/symposium.zivezemedelstvi.cz\/o-nas\/"},"modified":"2024-11-29T22:46:03","modified_gmt":"2024-11-29T21:46:03","slug":"o-nas","status":"publish","type":"page","link":"https:\/\/symposium.zivezemedelstvi.cz\/de\/uber-uns\/","title":{"rendered":"\u00dcber uns"},"content":{"rendered":"<p><span style=\"font-weight: 400;\">Wir bringen Ihnen das Neueste aus&nbsp;der \u00fcberwiegend internationalen Forschung und&nbsp;Praxis zu&nbsp;einem breiten Spektrum aktueller Richtungen der nachhaltigen Landwirtschaft und&nbsp;Landschaftspflege. Sie k\u00f6nnen hier Artikel lesen \u00fcber&nbsp;vorwiegend \u00f6kologischen, biodynamischen, permakulturellen oder&nbsp;regenerativen Praktiken, die f\u00fcr&nbsp;uns eine LEBENDIGE LANDWIRTSCHAFT darstellen.<\/span><\/p>\n<p><span style=\"font-weight: 400;\">Damit wollen wir dazu beitragen, das Denken \u00fcber&nbsp;die Grenzen der heutigen Landwirtschaft zu&nbsp;verwandeln, ihre Erneuerung anzustreben und&nbsp;Lebensprozesse \u00fcberall zu&nbsp;unterst\u00fctzen, wo sie rapide abnehmen. Die mit&nbsp;dem Klimawandel verbundenen Extreme sind echt und&nbsp;f\u00fcr&nbsp;uns sichtbar.<\/span><\/p>\n<p><span style=\"font-weight: 400;\">Jedes Jahr veranstalten wir im&nbsp;Landwirtschaftsmuseum in&nbsp;Prag ein zweit\u00e4giges Symposium zur Lebendigen Landwirtschaft, das Landwirten, Studenten des \u00f6kologischen Landbaus und&nbsp;Enthusiasten aus&nbsp;der \u00d6ffentlichkeit inspirierende Vortr\u00e4ge und&nbsp;Workshops von&nbsp;Experten aus&nbsp;der Tschechischen Republik und&nbsp;dem Ausland bietet.<\/span><\/p>\n<p><span style=\"font-weight: 400;\">Wir glauben, dass es in&nbsp;unserer Macht steht, eine allm\u00e4hliche Heilung von&nbsp;Landschaft, Boden und&nbsp;Garten zu&nbsp;erreichen. Wir wollen eine Inspiration f\u00fcr&nbsp;konkrete Schritte sein, die jeder von&nbsp;uns unternehmen kann. F\u00fcr&nbsp;besonders wichtig halten wir die F\u00f6rderung der Artenvielfalt, die schonende Bodenbearbeitung und&nbsp;das Tierwohl.<\/span><\/p>\n<p><span style=\"font-weight: 400;\">Wir hoffen, Ihnen interessante Anregungen f\u00fcr&nbsp;das Verst\u00e4ndnis des Bodenlebens zu&nbsp;geben. Schlie\u00dflich ist es der Boden, der uns alle tr\u00e4gt, und&nbsp;es liegt uns nat\u00fcrlich am&nbsp;Herzen, dass er LEBENDIG bleibt.<\/span><\/p>\n","protected":false},"excerpt":{"rendered":"<p>Wir bringen Ihnen das Neueste aus&nbsp;der \u00fcberwiegend internationalen Forschung und&nbsp;Praxis zu&nbsp;einem breiten Spektrum aktueller Richtungen der nachhaltigen Landwirtschaft und&nbsp;Landschaftspflege. Sie k\u00f6nnen hier Artikel lesen \u00fcber&nbsp;vorwiegend \u00f6kologischen, biodynamischen, permakulturellen oder&nbsp;regenerativen Praktiken, die f\u00fcr&nbsp;uns eine LEBENDIGE LANDWIRTSCHAFT darstellen. Damit wollen wir dazu beitragen, das Denken \u00fcber&nbsp;die Grenzen der heutigen Landwirtschaft zu&nbsp;verwandeln, ihre Erneuerung anzustreben und&nbsp;Lebensprozesse \u00fcberall zu&nbsp;unterst\u00fctzen, [&hellip;]<\/p>\n","protected":false},"author":1,"featured_media":1238,"parent":0,"menu_order":2,"comment_status":"closed","ping_status":"closed","template":"page-o-nas.php","meta":{"_acf_changed":false,"inline_featured_image":false,"footnotes":""},"class_list":["post-1355","page","type-page","status-publish","has-post-thumbnail","hentry"],"acf":[],"_links":{"self":[{"href":"https:\/\/symposium.zivezemedelstvi.cz\/de\/wp-json\/wp\/v2\/pages\/1355","targetHints":{"allow":["GET"]}}],"collection":[{"href":"https:\/\/symposium.zivezemedelstvi.cz\/de\/wp-json\/wp\/v2\/pages"}],"about":[{"href":"https:\/\/symposium.zivezemedelstvi.cz\/de\/wp-json\/wp\/v2\/types\/page"}],"author":[{"embeddable":true,"href":"https:\/\/symposium.zivezemedelstvi.cz\/de\/wp-json\/wp\/v2\/users\/1"}],"replies":[{"embeddable":true,"href":"https:\/\/symposium.zivezemedelstvi.cz\/de\/wp-json\/wp\/v2\/comments?post=1355"}],"version-history":[{"count":5,"href":"https:\/\/symposium.zivezemedelstvi.cz\/de\/wp-json\/wp\/v2\/pages\/1355\/revisions"}],"predecessor-version":[{"id":1466,"href":"https:\/\/symposium.zivezemedelstvi.cz\/de\/wp-json\/wp\/v2\/pages\/1355\/revisions\/1466"}],"wp:featuredmedia":[{"embeddable":true,"href":"https:\/\/symposium.zivezemedelstvi.cz\/de\/wp-json\/wp\/v2\/media\/1238"}],"wp:attachment":[{"href":"https:\/\/symposium.zivezemedelstvi.cz\/de\/wp-json\/wp\/v2\/media?parent=1355"}],"curies":[{"name":"wp","href":"https:\/\/api.w.org\/{rel}","templated":true}]}}